{"id":2957,"date":"2017-11-17T09:47:59","date_gmt":"2017-11-17T08:47:59","guid":{"rendered":"http:\/\/cruise.dev.luum.ms\/kontakt\/"},"modified":"2023-01-30T11:47:07","modified_gmt":"2023-01-30T10:47:07","slug":"contact","status":"publish","type":"page","link":"https:\/\/cruisecon.de\/en\/contact\/","title":{"rendered":"Contact"},"content":{"rendered":"","protected":false},"excerpt":{"rendered":"","protected":false},"author":1,"featured_media":0,"parent":0,"menu_order":3,"comment_status":"closed","ping_status":"closed","template":"","meta":{"footnotes":""},"acf":[],"yoast_head":"<!-- This site is optimized with the Yoast SEO plugin v21.6 - https:\/\/yoast.com\/wordpress\/plugins\/seo\/ -->\n<title>Contact - M\u00fcller Beckmann - Your Efficiency Partner<\/title>\n<meta name=\"description\" content=\"Sie haben Fragen oder m\u00f6chten gemeinsam ergr\u00fcnden, inwieweit wir Ihnen mit unseren Leistungen in aktuellen Themen oder auch im Hinblick auf eine zuk\u00fcnftige Partnerschaft eine mehrwertbringende Dienstleistung bieten k\u00f6nnen? Kommen wir ins Gespr\u00e4ch.\" \/>\n<meta name=\"robots\" content=\"index, follow, max-snippet:-1, max-image-preview:large, max-video-preview:-1\" \/>\n<link rel=\"canonical\" href=\"https:\/\/cruisecon.de\/en\/contact\/\" \/>\n<meta property=\"og:locale\" content=\"en_US\" \/>\n<meta property=\"og:type\" content=\"article\" \/>\n<meta property=\"og:title\" content=\"Contact - M\u00fcller Beckmann - Your Efficiency Partner\" \/>\n<meta property=\"og:description\" content=\"Sie haben Fragen oder m\u00f6chten gemeinsam ergr\u00fcnden, inwieweit wir Ihnen mit unseren Leistungen in aktuellen Themen oder auch im Hinblick auf eine zuk\u00fcnftige Partnerschaft eine mehrwertbringende Dienstleistung bieten k\u00f6nnen? Kommen wir ins Gespr\u00e4ch.\" \/>\n<meta property=\"og:url\" content=\"https:\/\/cruisecon.de\/en\/contact\/\" \/>\n<meta property=\"og:site_name\" content=\"Cruisecon\" \/>\n<meta property=\"article:modified_time\" content=\"2023-01-30T10:47:07+00:00\" \/>\n<meta name=\"twitter:card\" content=\"summary_large_image\" \/>\n<script type=\"application\/ld+json\" class=\"yoast-schema-graph\">{\"@context\":\"https:\/\/schema.org\",\"@graph\":[{\"@type\":\"WebPage\",\"@id\":\"https:\/\/cruisecon.de\/en\/contact\/\",\"url\":\"https:\/\/cruisecon.de\/en\/contact\/\",\"name\":\"Contact - M\u00fcller Beckmann - Your Efficiency Partner\",\"isPartOf\":{\"@id\":\"https:\/\/cruisecon.de\/en\/#website\"},\"datePublished\":\"2017-11-17T08:47:59+00:00\",\"dateModified\":\"2023-01-30T10:47:07+00:00\",\"description\":\"Sie haben Fragen oder m\u00f6chten gemeinsam ergr\u00fcnden, inwieweit wir Ihnen mit unseren Leistungen in aktuellen Themen oder auch im Hinblick auf eine zuk\u00fcnftige Partnerschaft eine mehrwertbringende Dienstleistung bieten k\u00f6nnen? Kommen wir ins Gespr\u00e4ch.\",\"breadcrumb\":{\"@id\":\"https:\/\/cruisecon.de\/en\/contact\/#breadcrumb\"},\"inLanguage\":\"en-US\",\"potentialAction\":[{\"@type\":\"ReadAction\",\"target\":[\"https:\/\/cruisecon.de\/en\/contact\/\"]}]},{\"@type\":\"BreadcrumbList\",\"@id\":\"https:\/\/cruisecon.de\/en\/contact\/#breadcrumb\",\"itemListElement\":[{\"@type\":\"ListItem\",\"position\":1,\"name\":\"Home\",\"item\":\"https:\/\/cruisecon.de\/en\/\"},{\"@type\":\"ListItem\",\"position\":2,\"name\":\"Contact\"}]},{\"@type\":\"WebSite\",\"@id\":\"https:\/\/cruisecon.de\/en\/#website\",\"url\":\"https:\/\/cruisecon.de\/en\/\",\"name\":\"Cruisecon\",\"description\":\"Efficiency Partner\",\"potentialAction\":[{\"@type\":\"SearchAction\",\"target\":{\"@type\":\"EntryPoint\",\"urlTemplate\":\"https:\/\/cruisecon.de\/en\/?s={search_term_string}\"},\"query-input\":\"required name=search_term_string\"}],\"inLanguage\":\"en-US\"}]}<\/script>\n<!-- \/ Yoast SEO plugin. -->","yoast_head_json":{"title":"Contact - M\u00fcller Beckmann - Your Efficiency Partner","description":"Sie haben Fragen oder m\u00f6chten gemeinsam ergr\u00fcnden, inwieweit wir Ihnen mit unseren Leistungen in aktuellen Themen oder auch im Hinblick auf eine zuk\u00fcnftige Partnerschaft eine mehrwertbringende Dienstleistung bieten k\u00f6nnen? Kommen wir ins Gespr\u00e4ch.","robots":{"index":"index","follow":"follow","max-snippet":"max-snippet:-1","max-image-preview":"max-image-preview:large","max-video-preview":"max-video-preview:-1"},"canonical":"https:\/\/cruisecon.de\/en\/contact\/","og_locale":"en_US","og_type":"article","og_title":"Contact - M\u00fcller Beckmann - Your Efficiency Partner","og_description":"Sie haben Fragen oder m\u00f6chten gemeinsam ergr\u00fcnden, inwieweit wir Ihnen mit unseren Leistungen in aktuellen Themen oder auch im Hinblick auf eine zuk\u00fcnftige Partnerschaft eine mehrwertbringende Dienstleistung bieten k\u00f6nnen? Kommen wir ins Gespr\u00e4ch.","og_url":"https:\/\/cruisecon.de\/en\/contact\/","og_site_name":"Cruisecon","article_modified_time":"2023-01-30T10:47:07+00:00","twitter_card":"summary_large_image","schema":{"@context":"https:\/\/schema.org","@graph":[{"@type":"WebPage","@id":"https:\/\/cruisecon.de\/en\/contact\/","url":"https:\/\/cruisecon.de\/en\/contact\/","name":"Contact - M\u00fcller Beckmann - Your Efficiency Partner","isPartOf":{"@id":"https:\/\/cruisecon.de\/en\/#website"},"datePublished":"2017-11-17T08:47:59+00:00","dateModified":"2023-01-30T10:47:07+00:00","description":"Sie haben Fragen oder m\u00f6chten gemeinsam ergr\u00fcnden, inwieweit wir Ihnen mit unseren Leistungen in aktuellen Themen oder auch im Hinblick auf eine zuk\u00fcnftige Partnerschaft eine mehrwertbringende Dienstleistung bieten k\u00f6nnen? Kommen wir ins Gespr\u00e4ch.","breadcrumb":{"@id":"https:\/\/cruisecon.de\/en\/contact\/#breadcrumb"},"inLanguage":"en-US","potentialAction":[{"@type":"ReadAction","target":["https:\/\/cruisecon.de\/en\/contact\/"]}]},{"@type":"BreadcrumbList","@id":"https:\/\/cruisecon.de\/en\/contact\/#breadcrumb","itemListElement":[{"@type":"ListItem","position":1,"name":"Home","item":"https:\/\/cruisecon.de\/en\/"},{"@type":"ListItem","position":2,"name":"Contact"}]},{"@type":"WebSite","@id":"https:\/\/cruisecon.de\/en\/#website","url":"https:\/\/cruisecon.de\/en\/","name":"Cruisecon","description":"Efficiency Partner","potentialAction":[{"@type":"SearchAction","target":{"@type":"EntryPoint","urlTemplate":"https:\/\/cruisecon.de\/en\/?s={search_term_string}"},"query-input":"required name=search_term_string"}],"inLanguage":"en-US"}]}},"_links":{"self":[{"href":"https:\/\/cruisecon.de\/en\/wp-json\/wp\/v2\/pages\/2957"}],"collection":[{"href":"https:\/\/cruisecon.de\/en\/wp-json\/wp\/v2\/pages"}],"about":[{"href":"https:\/\/cruisecon.de\/en\/wp-json\/wp\/v2\/types\/page"}],"author":[{"embeddable":true,"href":"https:\/\/cruisecon.de\/en\/wp-json\/wp\/v2\/users\/1"}],"replies":[{"embeddable":true,"href":"https:\/\/cruisecon.de\/en\/wp-json\/wp\/v2\/comments?post=2957"}],"version-history":[{"count":7,"href":"https:\/\/cruisecon.de\/en\/wp-json\/wp\/v2\/pages\/2957\/revisions"}],"predecessor-version":[{"id":3110,"href":"https:\/\/cruisecon.de\/en\/wp-json\/wp\/v2\/pages\/2957\/revisions\/3110"}],"wp:attachment":[{"href":"https:\/\/cruisecon.de\/en\/wp-json\/wp\/v2\/media?parent=2957"}],"curies":[{"name":"wp","href":"https:\/\/api.w.org\/{rel}","templated":true}]}}